{"id":307,"date":"2023-05-25T16:52:10","date_gmt":"2023-05-25T16:52:10","guid":{"rendered":"http:\/\/www.ximoamigo.com\/?page_id=307"},"modified":"2023-05-25T16:53:37","modified_gmt":"2023-05-25T16:53:37","slug":"sobre-ximo-trucks","status":"publish","type":"page","link":"http:\/\/www.ximoamigo.com\/index.php\/sobre-ximo-trucks\/","title":{"rendered":"Sobre Ximo trucks"},"content":{"rendered":"\t\t<div data-elementor-type=\"wp-page\" data-elementor-id=\"307\" class=\"elementor elementor-307\">\n\t\t\t\t\t\t\t\t\t<section class=\"elementor-section elementor-top-section elementor-element elementor-element-6a5da8f elementor-section-boxed elementor-section-height-default elementor-section-height-default\" data-id=\"6a5da8f\" data-element_type=\"section\">\n\t\t\t\t\t\t<div class=\"elementor-container elementor-column-gap-default\">\n\t\t\t\t\t<div class=\"elementor-column elementor-col-100 elementor-top-column elementor-element elementor-element-e7e7459\" data-id=\"e7e7459\" data-element_type=\"column\">\n\t\t\t<div class=\"elementor-widget-wrap elementor-element-populated\">\n\t\t\t\t\t\t\t\t<section class=\"elementor-section elementor-inner-section elementor-element elementor-element-d3404d0 elementor-section-boxed elementor-section-height-default elementor-section-height-default\" data-id=\"d3404d0\" data-element_type=\"section\">\n\t\t\t\t\t\t<div class=\"elementor-container elementor-column-gap-default\">\n\t\t\t\t\t<div class=\"elementor-column elementor-col-50 elementor-inner-column elementor-element elementor-element-fce3821\" data-id=\"fce3821\" data-element_type=\"column\">\n\t\t\t<div class=\"elementor-widget-wrap elementor-element-populated\">\n\t\t\t\t\t\t\t\t<div class=\"elementor-element elementor-element-c0e0956 elementor-widget elementor-widget-text-editor\" data-id=\"c0e0956\" data-element_type=\"widget\" data-widget_type=\"text-editor.default\">\n\t\t\t\t<div class=\"elementor-widget-container\">\n\t\t\t<style>\/*! elementor - v3.12.2 - 23-04-2023 *\/\n.elementor-widget-text-editor.elementor-drop-cap-view-stacked .elementor-drop-cap{background-color:#69727d;color:#fff}.elementor-widget-text-editor.elementor-drop-cap-view-framed .elementor-drop-cap{color:#69727d;border:3px solid;background-color:transparent}.elementor-widget-text-editor:not(.elementor-drop-cap-view-default) .elementor-drop-cap{margin-top:8px}.elementor-widget-text-editor:not(.elementor-drop-cap-view-default) .elementor-drop-cap-letter{width:1em;height:1em}.elementor-widget-text-editor .elementor-drop-cap{float:left;text-align:center;line-height:1;font-size:50px}.elementor-widget-text-editor .elementor-drop-cap-letter{display:inline-block}<\/style>\t\t\t\t<h4><span dir=\"ltr\" role=\"presentation\"><b>Ximo trucks<br \/><\/b><\/span><\/h4><h2>\u00a0<\/h2><p><strong>El artista valenciano, Ximo Amig\u00f3, expone su \u00faltima serie de camiones de madera \u201cTrucks\u201d en el Colegio Territorial de Arquitectos de Valencia.<\/strong><\/p><p><em>\u00a0<\/em><\/p><p>(Valencia, 18\/11\/2019) El artista valenciano, Ximo Amig\u00f3 (Bonrep\u00f3s i Mirambell, 1965), presenta sus \u00faltimos trabajos en madera, la colecci\u00f3n titulada \u201cTucks\u201d, en el colegio Territorial de Arquitectos de Valencia. Se trata de 25 camiones de madera hechos a mano por el propio artista jugando con el color y las formas geom\u00e9tricas que hacen de cada pieza un objeto \u00fanico a medio camino entre la escultura y el juguete.<\/p><p>La tradici\u00f3n de los juguetes en madera realizados por artistas se adentra en las primeras vanguardias del arte, teniendo en el creador uruguayo Joaqu\u00edn Torres Garc\u00eda su m\u00e1ximo representante quien con su serie Aladdin Toys se convirti\u00f3 en una referencia mundial llevando al objeto sus composiciones geom\u00e9tricas. Pronto acabaron convirti\u00e9ndose en productos de culto entre coleccionistas y amantes del dise\u00f1o.<\/p><p>Ximo Amig\u00f3 ha querido sumarse a esta rica tradici\u00f3n con un trabajo de gran belleza pl\u00e1stica y delicadeza artesanal. Sus camiones suponen, asimismo, un ejercicio de reutilizaci\u00f3n, pues se construyen sobre elementos de madera recuperada (palets, cajas, vigas) que adquieren nueva vida gracias a su ensamblaje como piezas geom\u00e9tricas que dan vida a nuevos elementos, en este caso, camiones, en los que se combinan el color con las maderas originales, lo que permite entrever el material original utilizado para su elaboraci\u00f3n.<\/p><p>La exposici\u00f3n supone la vuelta de Amig\u00f3 a la ciudad de Valencia, tras su exposici\u00f3n \u201cL\u2019home Dibuixat\u201d que pudo verse en las Reales Atarazanas el a\u00f1o pasado; exposici\u00f3n que ha viajado posteriormente a la fundaci\u00f3n Antonio P\u00e9rez, Centro de Arte Contempor\u00e1neo, de Cuenca.<\/p><p>En la presente exposici\u00f3n se da la circunstancia de que las obras, una serie de mayor tama\u00f1o y otra de piezas m\u00e1s peque\u00f1as, podr\u00e1n ser adquiridas en las propias instalaciones del Colegio Territorial de Arquitectos de Valencia hasta su finalizaci\u00f3n el 5 de enero.<\/p><p>\u00a0<\/p>\t\t\t\t\t\t<\/div>\n\t\t\t\t<\/div>\n\t\t\t\t\t<\/div>\n\t\t<\/div>\n\t\t\t\t<div class=\"elementor-column elementor-col-50 elementor-inner-column elementor-element elementor-element-c5c1005\" data-id=\"c5c1005\" data-element_type=\"column\">\n\t\t\t<div class=\"elementor-widget-wrap elementor-element-populated\">\n\t\t\t\t\t\t\t\t<div class=\"elementor-element elementor-element-d583fb5 elementor-widget elementor-widget-image\" data-id=\"d583fb5\" data-element_type=\"widget\" data-widget_type=\"image.default\">\n\t\t\t\t<div class=\"elementor-widget-container\">\n\t\t\t<style>\/*! elementor - v3.12.2 - 23-04-2023 *\/\n.elementor-widget-image{text-align:center}.elementor-widget-image a{display:inline-block}.elementor-widget-image a img[src$=\".svg\"]{width:48px}.elementor-widget-image img{vertical-align:middle;display:inline-block}<\/style>\t\t\t\t\t\t\t\t\t\t\t\t<img loading=\"lazy\" decoding=\"async\" width=\"800\" height=\"750\" src=\"http:\/\/www.ximoamigo.com\/wp-content\/uploads\/2023\/05\/IMG_20230520_000206-1024x960.jpg\" class=\"attachment-large size-large wp-image-292\" alt=\"\" srcset=\"http:\/\/www.ximoamigo.com\/wp-content\/uploads\/2023\/05\/IMG_20230520_000206-1024x960.jpg 1024w, http:\/\/www.ximoamigo.com\/wp-content\/uploads\/2023\/05\/IMG_20230520_000206-300x281.jpg 300w, http:\/\/www.ximoamigo.com\/wp-content\/uploads\/2023\/05\/IMG_20230520_000206-768x720.jpg 768w, http:\/\/www.ximoamigo.com\/wp-content\/uploads\/2023\/05\/IMG_20230520_000206.jpg 1080w\" sizes=\"auto, (max-width: 800px) 100vw, 800px\" \/>\t\t\t\t\t\t\t\t\t\t\t\t\t\t\t<\/div>\n\t\t\t\t<\/div>\n\t\t\t\t\t<\/div>\n\t\t<\/div>\n\t\t\t\t\t\t\t<\/div>\n\t\t<\/section>\n\t\t\t\t\t<\/div>\n\t\t<\/div>\n\t\t\t\t\t\t\t<\/div>\n\t\t<\/section>\n\t\t\t\t\t\t\t<\/div>\n\t\t","protected":false},"excerpt":{"rendered":"<p>Pa una vez que pinto<\/p>\n","protected":false},"author":1,"featured_media":0,"parent":0,"menu_order":0,"comment_status":"closed","ping_status":"closed","template":"","meta":{"footnotes":""},"class_list":["post-307","page","type-page","status-publish","hentry"],"aioseo_notices":[],"_links":{"self":[{"href":"http:\/\/www.ximoamigo.com\/index.php\/wp-json\/wp\/v2\/pages\/307","targetHints":{"allow":["GET"]}}],"collection":[{"href":"http:\/\/www.ximoamigo.com\/index.php\/wp-json\/wp\/v2\/pages"}],"about":[{"href":"http:\/\/www.ximoamigo.com\/index.php\/wp-json\/wp\/v2\/types\/page"}],"author":[{"embeddable":true,"href":"http:\/\/www.ximoamigo.com\/index.php\/wp-json\/wp\/v2\/users\/1"}],"replies":[{"embeddable":true,"href":"http:\/\/www.ximoamigo.com\/index.php\/wp-json\/wp\/v2\/comments?post=307"}],"version-history":[{"count":4,"href":"http:\/\/www.ximoamigo.com\/index.php\/wp-json\/wp\/v2\/pages\/307\/revisions"}],"predecessor-version":[{"id":311,"href":"http:\/\/www.ximoamigo.com\/index.php\/wp-json\/wp\/v2\/pages\/307\/revisions\/311"}],"wp:attachment":[{"href":"http:\/\/www.ximoamigo.com\/index.php\/wp-json\/wp\/v2\/media?parent=307"}],"curies":[{"name":"wp","href":"https:\/\/api.w.org\/{rel}","templated":true}]}}